{"id":9,"date":"2019-03-14T14:43:41","date_gmt":"2019-03-14T14:43:41","guid":{"rendered":"https:\/\/decodem.ces.uc.pt\/?page_id=9"},"modified":"2019-10-23T15:43:07","modified_gmt":"2019-10-23T15:43:07","slug":"homepage","status":"publish","type":"page","link":"https:\/\/decodem.ces.uc.pt\/","title":{"rendered":"HOMEPAGE"},"content":{"rendered":"[vc_row type=&#8221;full_width_background&#8221; full_screen_row_position=&#8221;middle&#8221; equal_height=&#8221;yes&#8221; content_placement=&#8221;middle&#8221; bg_image=&#8221;541&#8243; bg_position=&#8221;center center&#8221; bg_repeat=&#8221;no-repeat&#8221; full_height=&#8221;yes&#8221; scene_position=&#8221;center&#8221; text_color=&#8221;dark&#8221; text_align=&#8221;left&#8221; class=&#8221;hero-hover&#8221; color_overlay=&#8221;#ffdd00&#8243; overlay_strength=&#8221;0.8&#8243; shape_divider_position=&#8221;bottom&#8221; bg_image_animation=&#8221;none&#8221; shape_type=&#8221;&#8221;][vc_column column_padding=&#8221;padding-5-percent&#8221; column_padding_position=&#8221;all&#8221; background_color_opacity=&#8221;1&#8243; background_hover_color_opacity=&#8221;1&#8243; column_link_target=&#8221;_self&#8221; column_shadow=&#8221;none&#8221; column_border_radius=&#8221;none&#8221; width=&#8221;1\/3&#8243; tablet_width_inherit=&#8221;default&#8221; tablet_text_alignment=&#8221;default&#8221; phone_text_alignment=&#8221;default&#8221; column_border_width=&#8221;none&#8221; column_border_style=&#8221;solid&#8221; bg_image_animation=&#8221;none&#8221;]<div class=\"img-with-aniamtion-wrap \" data-max-width=\"100%\" data-border-radius=\"none\"><div class=\"inner\"><img data-shadow=\"none\" data-shadow-direction=\"middle\" class=\"img-with-animation skip-lazy \" data-delay=\"0\" height=\"798\" width=\"2702\"  data-animation=\"fade-in\" src=\"https:\/\/decodem.ces.uc.pt\/wp-content\/uploads\/2019\/03\/DeCodeMSite-07.png\" srcset=\"https:\/\/decodem.ces.uc.pt\/wp-content\/uploads\/2019\/03\/DeCodeMSite-07.png 2702w, https:\/\/decodem.ces.uc.pt\/wp-content\/uploads\/2019\/03\/DeCodeMSite-07-300x89.png 300w, https:\/\/decodem.ces.uc.pt\/wp-content\/uploads\/2019\/03\/DeCodeMSite-07-768x227.png 768w, https:\/\/decodem.ces.uc.pt\/wp-content\/uploads\/2019\/03\/DeCodeMSite-07-1024x302.png 1024w\" sizes=\"100vw\" alt=\"\" \/><\/div><\/div>[\/vc_column][vc_column column_padding=&#8221;no-extra-padding&#8221; column_padding_position=&#8221;all&#8221; background_color_opacity=&#8221;1&#8243; background_hover_color_opacity=&#8221;1&#8243; column_link_target=&#8221;_self&#8221; column_shadow=&#8221;none&#8221; column_border_radius=&#8221;none&#8221; width=&#8221;2\/3&#8243; tablet_width_inherit=&#8221;default&#8221; tablet_text_alignment=&#8221;default&#8221; phone_text_alignment=&#8221;default&#8221; column_border_width=&#8221;none&#8221; column_border_style=&#8221;solid&#8221; bg_image_animation=&#8221;none&#8221;][vc_column_text css=&#8221;.vc_custom_1571845384250{padding-right: 5% !important;}&#8221;]\n<h4 style=\"text-align: left;\"><span style=\"font-weight: 400;\">DeCode\/M is the first-ever comprehensive study on Media and Masculinities in Portugal. It seeks to identify and critically analyse representations of masculinities that are (re)produced by both mass media and online social media in Portugal, exploring why these gendered representations are used, examining the ways they are appropriated, co-opted and contested by audiences and whether they promote gender-equitable or non-gender equitable masculinities among audiences and content (re)producers. DeCode\/M is a project of the Centre for Social Studies funded by the Foundation for Science and Technology through national funds.<\/span><\/h4>\n[\/vc_column_text][nectar_btn size=&#8221;small&#8221; button_style=&#8221;see-through&#8221; button_color_2=&#8221;Extra-Color-1&#8243; icon_family=&#8221;none&#8221; text=&#8221;Overview&#8221; url=&#8221;https:\/\/decodem.ces.uc.pt\/?page_id=254&#8243;][\/vc_column][\/vc_row][vc_row type=&#8221;full_width_content&#8221; full_screen_row_position=&#8221;middle&#8221; scene_position=&#8221;center&#8221; text_color=&#8221;custom&#8221; custom_text_color=&#8221;#ffffff&#8221; text_align=&#8221;left&#8221; overlay_strength=&#8221;0.3&#8243; shape_divider_position=&#8221;bottom&#8221; bg_image_animation=&#8221;none&#8221; shape_type=&#8221;&#8221;][vc_column column_padding=&#8221;no-extra-padding&#8221; column_padding_position=&#8221;all&#8221; background_color_opacity=&#8221;1&#8243; background_hover_color_opacity=&#8221;1&#8243; font_color=&#8221;#ffffff&#8221; column_link_target=&#8221;_self&#8221; column_shadow=&#8221;none&#8221; column_border_radius=&#8221;none&#8221; width=&#8221;1\/1&#8243; tablet_width_inherit=&#8221;default&#8221; tablet_text_alignment=&#8221;default&#8221; phone_text_alignment=&#8221;default&#8221; column_border_width=&#8221;none&#8221; column_border_style=&#8221;solid&#8221; bg_image_animation=&#8221;none&#8221;]    \n    <div id=\"rps_69e616a1f0747\" class=\"nectar-recent-posts-single_featured multiple_featured parallax_section\" data-button-color=\"accent-color\" data-nav-location=\"side\" data-bg-overlay=\"diagonal_gradient\" data-padding=\"14%\" data-autorotate=\"10000\" data-height=\"600\" data-animate-in-effect=\"none\" data-remove-post-date=\"1\" data-remove-post-author=\"1\" data-remove-post-comment-number=\"1\" data-remove-post-nectar-love=\"1\"> \n         \n        <div class=\"nectar-recent-post-slide  active post-ref-0\">\n \n          <div class=\"row-bg using-image\" data-parallax-speed=\"fast\"><div class=\"nectar-recent-post-bg\" style=\"  background-image: url(https:\/\/decodem.ces.uc.pt\/wp-content\/uploads\/2022\/05\/ejwa_29_2.cover_.png);\" > <\/div><\/div>\n \n          <div class=\"recent-post-container container\"><div class=\"inner-wrap\"><div class=\"grav-wrap\"><a href=\"https:\/\/decodem.ces.uc.pt\/?author=1\"><\/a><div class=\"text\"><span>By <a href=\"https:\/\/decodem.ces.uc.pt\/?author=1\" rel=\"author\">decodem<\/a><\/span><span> In<\/span> <a class=\"scientific-articles\" href=\"https:\/\/decodem.ces.uc.pt\/?cat=10\"><span class=\"scientific-articles\">Artigos Cient\u00edficos<\/span><\/a><\/div><\/div>          \n            <h2 class=\"post-ref-1\"><a href=\"https:\/\/decodem.ces.uc.pt\/?p=3367\" class=\"full-slide-link\"> A space to resist rape myths? Journalism, patriarchy and sexual violence <\/a><\/h2>\n            \n                        <a class=\"nectar-button large regular accent-color regular-button has-icon\" href=\"https:\/\/decodem.ces.uc.pt\/?p=3367\" data-color-override=\"false\" data-hover-color-override=\"false\" data-hover-text-color-override=\"#fff\" ><span>Read Article <\/span><i class=\"icon-button-arrow\"><\/i><\/a>\n            \n          \n          <\/div><\/div><\/div>\n \n         \n     \n         \n        <div class=\"nectar-recent-post-slide   post-ref-2\">\n \n          <div class=\"row-bg using-image\" data-parallax-speed=\"fast\"><div class=\"nectar-recent-post-bg\" style=\"  background-image: url(https:\/\/decodem.ces.uc.pt\/wp-content\/uploads\/2021\/07\/conversa-impar.jpg);\" > <\/div><\/div>\n \n          <div class=\"recent-post-container container\"><div class=\"inner-wrap\"><div class=\"grav-wrap\"><a href=\"https:\/\/decodem.ces.uc.pt\/?author=1\"><\/a><div class=\"text\"><span>By <a href=\"https:\/\/decodem.ces.uc.pt\/?author=1\" rel=\"author\">decodem<\/a><\/span><span> In<\/span> <a class=\"disseminacao\" href=\"https:\/\/decodem.ces.uc.pt\/?cat=14\"><span class=\"disseminacao\">Dissemina\u00e7\u00e3o<\/span><\/a><\/div><\/div>          \n            <h2 class=\"post-ref-1\"><a href=\"https:\/\/decodem.ces.uc.pt\/?p=3352\" class=\"full-slide-link\"> DeCode\/M researcher S\u00edlvia Roque participates in talk session on harassment and toxic masculinity <\/a><\/h2>\n            \n                        <a class=\"nectar-button large regular accent-color regular-button has-icon\" href=\"https:\/\/decodem.ces.uc.pt\/?p=3352\" data-color-override=\"false\" data-hover-color-override=\"false\" data-hover-text-color-override=\"#fff\" ><span>Read Article <\/span><i class=\"icon-button-arrow\"><\/i><\/a>\n            \n          \n          <\/div><\/div><\/div>\n \n         \n     \n         \n        <div class=\"nectar-recent-post-slide   post-ref-2\">\n \n          <div class=\"row-bg using-image\" data-parallax-speed=\"fast\"><div class=\"nectar-recent-post-bg\" style=\"  background-image: url(https:\/\/decodem.ces.uc.pt\/wp-content\/uploads\/2021\/07\/european-culural-sudies.jpg);\" > <\/div><\/div>\n \n          <div class=\"recent-post-container container\"><div class=\"inner-wrap\"><div class=\"grav-wrap\"><a href=\"https:\/\/decodem.ces.uc.pt\/?author=1\"><\/a><div class=\"text\"><span>By <a href=\"https:\/\/decodem.ces.uc.pt\/?author=1\" rel=\"author\">decodem<\/a><\/span><span> In<\/span> <a class=\"scientific-articles\" href=\"https:\/\/decodem.ces.uc.pt\/?cat=10\"><span class=\"scientific-articles\">Artigos Cient\u00edficos<\/span><\/a><\/div><\/div>          \n            <h2 class=\"post-ref-1\"><a href=\"https:\/\/decodem.ces.uc.pt\/?p=3340\" class=\"full-slide-link\"> Mummy influencers and professional sharenting <\/a><\/h2>\n            \n                        <a class=\"nectar-button large regular accent-color regular-button has-icon\" href=\"https:\/\/decodem.ces.uc.pt\/?p=3340\" data-color-override=\"false\" data-hover-color-override=\"false\" data-hover-text-color-override=\"#fff\" ><span>Read Article <\/span><i class=\"icon-button-arrow\"><\/i><\/a>\n            \n          \n          <\/div><\/div><\/div>\n \n         \n     \n         \n        <div class=\"nectar-recent-post-slide   post-ref-2\">\n \n          <div class=\"row-bg using-image\" data-parallax-speed=\"fast\"><div class=\"nectar-recent-post-bg\" style=\"  background-image: url(https:\/\/decodem.ces.uc.pt\/wp-content\/uploads\/2021\/06\/imagem-workshop-1.jpg);\" > <\/div><\/div>\n \n          <div class=\"recent-post-container container\"><div class=\"inner-wrap\"><div class=\"grav-wrap\"><a href=\"https:\/\/decodem.ces.uc.pt\/?author=1\"><\/a><div class=\"text\"><span>By <a href=\"https:\/\/decodem.ces.uc.pt\/?author=1\" rel=\"author\">decodem<\/a><\/span><span> In<\/span> <a class=\"presentations\" href=\"https:\/\/decodem.ces.uc.pt\/?cat=16\"><span class=\"presentations\">Apresenta\u00e7\u00f5es em eventos acad\u00e9micos<\/span><\/a><\/div><\/div>          \n            <h2 class=\"post-ref-1\"><a href=\"https:\/\/decodem.ces.uc.pt\/?p=3302\" class=\"full-slide-link\"> Sex, violence and the naturalization of sexual violence in the discussion of the rape allegations against Cristiano Ronaldo in Portugal <\/a><\/h2>\n            \n                        <a class=\"nectar-button large regular accent-color regular-button has-icon\" href=\"https:\/\/decodem.ces.uc.pt\/?p=3302\" data-color-override=\"false\" data-hover-color-override=\"false\" data-hover-text-color-override=\"#fff\" ><span>Read Article <\/span><i class=\"icon-button-arrow\"><\/i><\/a>\n            \n          \n          <\/div><\/div><\/div>\n \n         \n    <\/div>[\/vc_column][\/vc_row]\n","protected":false},"excerpt":{"rendered":"<p>[vc_row type=&#8221;full_width_background&#8221; full_screen_row_position=&#8221;middle&#8221; equal_height=&#8221;yes&#8221; content_placement=&#8221;middle&#8221; bg_image=&#8221;541&#8243; bg_position=&#8221;center center&#8221; bg_repeat=&#8221;no-repeat&#8221; full_height=&#8221;yes&#8221; scene_position=&#8221;center&#8221; text_color=&#8221;dark&#8221; text_align=&#8221;left&#8221; class=&#8221;hero-hover&#8221; color_overlay=&#8221;#ffdd00&#8243; overlay_strength=&#8221;0.8&#8243; shape_divider_position=&#8221;bottom&#8221; bg_image_animation=&#8221;none&#8221; shape_type=&#8221;&#8221;][vc_column column_padding=&#8221;padding-5-percent&#8221; column_padding_position=&#8221;all&#8221; background_color_opacity=&#8221;1&#8243; background_hover_color_opacity=&#8221;1&#8243; column_link_target=&#8221;_self&#8221; column_shadow=&#8221;none&#8221; column_border_radius=&#8221;none&#8221; width=&#8221;1\/3&#8243; tablet_width_inherit=&#8221;default&#8221; tablet_text_alignment=&#8221;default&#8221; phone_text_alignment=&#8221;default&#8221;&#8230;<\/p>\n","protected":false},"author":1,"featured_media":0,"parent":0,"menu_order":0,"comment_status":"closed","ping_status":"closed","template":"","meta":{"footnotes":""},"_links":{"self":[{"href":"https:\/\/decodem.ces.uc.pt\/index.php?rest_route=\/wp\/v2\/pages\/9"}],"collection":[{"href":"https:\/\/decodem.ces.uc.pt\/index.php?rest_route=\/wp\/v2\/pages"}],"about":[{"href":"https:\/\/decodem.ces.uc.pt\/index.php?rest_route=\/wp\/v2\/types\/page"}],"author":[{"embeddable":true,"href":"https:\/\/decodem.ces.uc.pt\/index.php?rest_route=\/wp\/v2\/users\/1"}],"replies":[{"embeddable":true,"href":"https:\/\/decodem.ces.uc.pt\/index.php?rest_route=%2Fwp%2Fv2%2Fcomments&post=9"}],"version-history":[{"count":226,"href":"https:\/\/decodem.ces.uc.pt\/index.php?rest_route=\/wp\/v2\/pages\/9\/revisions"}],"predecessor-version":[{"id":2247,"href":"https:\/\/decodem.ces.uc.pt\/index.php?rest_route=\/wp\/v2\/pages\/9\/revisions\/2247"}],"wp:attachment":[{"href":"https:\/\/decodem.ces.uc.pt\/index.php?rest_route=%2Fwp%2Fv2%2Fmedia&parent=9"}],"curies":[{"name":"wp","href":"https:\/\/api.w.org\/{rel}","templated":true}]}}